{"id":78,"date":"2024-02-27T23:32:57","date_gmt":"2024-02-27T22:32:57","guid":{"rendered":"http:\/\/fizjocare.com.pl\/?page_id=78"},"modified":"2026-02-04T12:08:01","modified_gmt":"2026-02-04T11:08:01","slug":"cennik","status":"publish","type":"page","link":"https:\/\/fizjocare.com.pl\/?page_id=78","title":{"rendered":"Cennik"},"content":{"rendered":"\n<div class=\"wp-block-group has-global-padding is-layout-constrained wp-block-group-is-layout-constrained\">\n<p class=\"has-heading-font-family has-large-font-size\">Fizjoterapia<\/p>\n\n\n\n<p class=\"has-heading-font-family has-small-font-size\">-Fizjoterapia u Pauliny (60 min) 270z\u0142\u00a0<br>-Fizjoterapia u Kingi (60 min) 240z\u0142<br>-Fizjoterapia stomatologiczna (60 min) 270z\u0142<br>-Konsultacja- wk\u0142adki (60min) 270z\u0142<\/p>\n\n\n\n<p class=\"has-heading-font-family has-large-font-size\">Fizjoterapia uroginekologiczna <\/p>\n\n\n\n<p class=\"has-heading-font-family has-small-font-size\">-Fizjoterapia uroginekologiczna (60min) 270z\u0142<br>-Fizjoterapia kobiet w ci\u0105\u017cy (60min) 270z\u0142<br>-Fizjoterapia poporodowa (60min) 270z\u0142<br>-Masa\u017c kobiet w ci\u0105\u017cy (60min) 270z\u0142<br>-Terapia blizny po cc (60min) 270z\u0142<br>-Terapia blizny- dermapen (45min) 450z\u0142<br>                      -pakiet 3 zabiegi &#8211; 1200z\u0142<\/p>\n\n\n\n<p class=\"has-heading-font-family has-large-font-size\">Fizjoterapia dzieci<\/p>\n\n\n\n<p class=\"has-heading-font-family has-small-font-size\">-Fizjoterapia dzieci (60 min) 270z\u0142<br>-Ocena rozwoju dziecka (60 min) 270z\u0142<br>-Ocena postawy dziecka-wiek szkolny (60 min) 270z\u0142<\/p>\n\n\n\n<p class=\"has-heading-font-family has-large-font-size\">Masa\u017c<\/p>\n\n\n\n<p class=\"has-heading-font-family has-small-font-size\">-Masa\u017c kobido (60min) 240z\u0142<br>-Masa\u017c kobido + taping (75min) 300z\u0142<br>-Masa\u017c leczniczy (60 min) 240z\u0142<br>-Masa\u017c klasyczny (60 min) 240z\u0142<br>-Drena\u017c limfatyczny (60 min) 240z\u0142<br>-Masa\u017c relaksacyjny (60 min) 240z\u0142 <br>-Masa\u017c u Pauliny (60 min) 270z\u0142<\/p>\n\n\n\n<p class=\"has-heading-font-family has-large-font-size\">Dodatkowe <\/p>\n\n\n\n<p class=\"has-heading-font-family has-small-font-size\">-Pakiet 10 wizyt u Pauliny- 2430z\u0142 <br>-Pakiet 10 wizyt u Kingi &#8211; 2200z\u0142<br>-Taping (10min) 60z\u0142<br>-Wk\u0142adki ortopedyczne (60min) od 500z\u0142 <br>-Wizyta domowa (60min) od 300z\u0142 <br>Op\u0142ata za dojazd:<br>-do 5km- 0z\u0142<br>-5-10km- 100z\u0142<br><\/p>\n<\/div>\n","protected":false},"excerpt":{"rendered":"<p>Fizjoterapia -Fizjoterapia u Pauliny (60 min) 270z\u0142\u00a0-Fizjoterapia u Kingi (60 min) 240z\u0142-Fizjoterapia stomatologiczna (60 min) 270z\u0142-Konsultacja- wk\u0142adki (60min) 270z\u0142 Fizjoterapia uroginekologiczna -Fizjoterapia uroginekologiczna (60min) 270z\u0142-Fizjoterapia kobiet w ci\u0105\u017cy (60min) 270z\u0142-Fizjoterapia poporodowa (60min) 270z\u0142-Masa\u017c kobiet w ci\u0105\u017cy (60min) 270z\u0142-Terapia blizny po cc (60min) 270z\u0142-Terapia blizny- dermapen (45min) 450z\u0142 -pakiet 3 zabiegi &#8211; 1200z\u0142 Fizjoterapia dzieci -Fizjoterapia [&hellip;]<\/p>\n","protected":false},"author":1,"featured_media":0,"parent":0,"menu_order":0,"comment_status":"closed","ping_status":"closed","template":"","meta":{"footnotes":""},"class_list":["post-78","page","type-page","status-publish","hentry"],"jetpack_sharing_enabled":true,"_links":{"self":[{"href":"https:\/\/fizjocare.com.pl\/index.php?rest_route=\/wp\/v2\/pages\/78","targetHints":{"allow":["GET"]}}],"collection":[{"href":"https:\/\/fizjocare.com.pl\/index.php?rest_route=\/wp\/v2\/pages"}],"about":[{"href":"https:\/\/fizjocare.com.pl\/index.php?rest_route=\/wp\/v2\/types\/page"}],"author":[{"embeddable":true,"href":"https:\/\/fizjocare.com.pl\/index.php?rest_route=\/wp\/v2\/users\/1"}],"replies":[{"embeddable":true,"href":"https:\/\/fizjocare.com.pl\/index.php?rest_route=%2Fwp%2Fv2%2Fcomments&post=78"}],"version-history":[{"count":13,"href":"https:\/\/fizjocare.com.pl\/index.php?rest_route=\/wp\/v2\/pages\/78\/revisions"}],"predecessor-version":[{"id":365,"href":"https:\/\/fizjocare.com.pl\/index.php?rest_route=\/wp\/v2\/pages\/78\/revisions\/365"}],"wp:attachment":[{"href":"https:\/\/fizjocare.com.pl\/index.php?rest_route=%2Fwp%2Fv2%2Fmedia&parent=78"}],"curies":[{"name":"wp","href":"https:\/\/api.w.org\/{rel}","templated":true}]}}