{"id":77,"date":"2024-02-27T23:33:07","date_gmt":"2024-02-27T22:33:07","guid":{"rendered":"http:\/\/fizjocare.com.pl\/?page_id=77"},"modified":"2026-04-01T17:01:02","modified_gmt":"2026-04-01T15:01:02","slug":"o-mnie","status":"publish","type":"page","link":"https:\/\/fizjocare.com.pl\/?page_id=77","title":{"rendered":"Paulina"},"content":{"rendered":"\n<div class=\"wp-block-group alignfull has-accent-background-color has-background has-global-padding is-layout-constrained wp-container-core-group-is-layout-669513ed wp-block-group-is-layout-constrained\" style=\"margin-top:0;margin-bottom:0;padding-top:var(--wp--preset--spacing--50);padding-right:var(--wp--preset--spacing--50);padding-bottom:var(--wp--preset--spacing--50);padding-left:var(--wp--preset--spacing--50)\">\n<div class=\"wp-block-columns alignwide is-layout-flex wp-container-core-columns-is-layout-2c8f09fd wp-block-columns-is-layout-flex\">\n<div class=\"wp-block-column is-vertically-aligned-center is-layout-flow wp-block-column-is-layout-flow\" style=\"flex-basis:50%\">\n<figure class=\"wp-block-image size-large is-style-rounded is-style-rounded--1\"><img loading=\"lazy\" decoding=\"async\" width=\"819\" height=\"1024\" src=\"https:\/\/fizjocare.com.pl\/wp-content\/uploads\/2024\/03\/3F32E0D6-9791-4F77-BEBC-F7DC313E9A0B-1-819x1024.jpg\" alt=\"\" class=\"wp-image-191\" srcset=\"https:\/\/fizjocare.com.pl\/wp-content\/uploads\/2024\/03\/3F32E0D6-9791-4F77-BEBC-F7DC313E9A0B-1-819x1024.jpg 819w, https:\/\/fizjocare.com.pl\/wp-content\/uploads\/2024\/03\/3F32E0D6-9791-4F77-BEBC-F7DC313E9A0B-1-240x300.jpg 240w, https:\/\/fizjocare.com.pl\/wp-content\/uploads\/2024\/03\/3F32E0D6-9791-4F77-BEBC-F7DC313E9A0B-1-768x960.jpg 768w, https:\/\/fizjocare.com.pl\/wp-content\/uploads\/2024\/03\/3F32E0D6-9791-4F77-BEBC-F7DC313E9A0B-1-600x750.jpg 600w, https:\/\/fizjocare.com.pl\/wp-content\/uploads\/2024\/03\/3F32E0D6-9791-4F77-BEBC-F7DC313E9A0B-1.jpg 1125w\" sizes=\"auto, (max-width: 819px) 100vw, 819px\" \/><\/figure>\n<\/div>\n\n\n\n<div class=\"wp-block-column is-vertically-aligned-stretch is-layout-flow wp-block-column-is-layout-flow\" style=\"flex-basis:80%\">\n<div class=\"wp-block-group is-vertical is-content-justification-stretch is-layout-flex wp-container-core-group-is-layout-444d5ee8 wp-block-group-is-layout-flex\" style=\"min-height:100%\">\n<p class=\"has-heading-font-family has-medium-font-size\">Nazywam si\u0119 Paulina Jaskulska i jestem fizjoterapeutk\u0105 z ponad 10-letnim do\u015bwiadczeniem w pracy z pacjentem.<br><br>Stawiam nacisk na sta\u0142y rozw\u00f3j i nauk\u0119, kt\u00f3r\u0105 zdobywam na licznych kursach i szkoleniach. Swoj\u0105 wiedz\u0119 zdobywa\u0142am m.in w Centrum Zdrowia Dziecka w Warszawie, szpitalu Carolina Medical Center oraz w prywatnym gabinecie w Pruszkowie. Mam za sob\u0105 kilka lat do\u015bwiadczenia pracy w sportach si\u0142owych, biegach czy siatk\u00f3wce.<\/p>\n\n\n\n<p class=\"has-heading-font-family has-medium-font-size\">W pracy najwa\u017cniejsze jest dla mnie holistyczne podej\u015bcie do problemu.&nbsp;Specjalizuj\u0119 si\u0119 w fizjoterapii uroginekologicznej oraz w neurorozwojewej rehabilitacji dzieci. Wsp\u00f3\u0142pracuj\u0119 r\u00f3wnie\u017c ze stomatologami przy leczeniu bruksizmu.<br>Dodatkowo szkoli\u0142am si\u0119 w kierunku chor\u00f3b st\u00f3p i paznokci jako podolog, a tak\u017ce wykonuj\u0119 indywidualne wk\u0142adki ortopedyczne.<\/p>\n\n\n\n<p class=\"has-heading-font-family has-medium-font-size\">W wolnym czasie praktykuje jog\u0119, podr\u00f3\u017cuj\u0119 oraz jestem fank\u0105 sport\u00f3w wodnych.&nbsp;<\/p>\n\n\n\n<div class=\"wp-block-group has-global-padding is-content-justification-left is-layout-constrained wp-container-core-group-is-layout-9fe8ed88 wp-block-group-is-layout-constrained\">\n<p class=\"has-heading-font-family has-medium-font-size wp-container-content-0733e5d0\">Szkolenia, kt\u00f3re uko\u0144czy\u0142am znajduj\u0105 si\u0119 w zak\u0142adce &#8222;kwalifikacje&#8221;<\/p>\n\n\n\n<div class=\"wp-block-buttons is-layout-flex wp-block-buttons-is-layout-flex\">\n<div class=\"wp-block-button\"><a class=\"wp-block-button__link wp-element-button\" href=\"https:\/\/fizjocare.com.pl\/?page_id=193\">Kwalifikacje<\/a><\/div>\n<\/div>\n<\/div>\n<\/div>\n<\/div>\n<\/div>\n<\/div>\n","protected":false},"excerpt":{"rendered":"<p>Nazywam si\u0119 Paulina Jaskulska i jestem fizjoterapeutk\u0105 z ponad 10-letnim do\u015bwiadczeniem w pracy z pacjentem. Stawiam nacisk na sta\u0142y rozw\u00f3j i nauk\u0119, kt\u00f3r\u0105 zdobywam na licznych kursach i szkoleniach. Swoj\u0105 wiedz\u0119 zdobywa\u0142am m.in w Centrum Zdrowia Dziecka w Warszawie, szpitalu Carolina Medical Center oraz w prywatnym gabinecie w Pruszkowie. Mam za sob\u0105 kilka lat do\u015bwiadczenia [&hellip;]<\/p>\n","protected":false},"author":1,"featured_media":0,"parent":0,"menu_order":0,"comment_status":"closed","ping_status":"closed","template":"","meta":{"footnotes":""},"class_list":["post-77","page","type-page","status-publish","hentry"],"jetpack_sharing_enabled":true,"_links":{"self":[{"href":"https:\/\/fizjocare.com.pl\/index.php?rest_route=\/wp\/v2\/pages\/77","targetHints":{"allow":["GET"]}}],"collection":[{"href":"https:\/\/fizjocare.com.pl\/index.php?rest_route=\/wp\/v2\/pages"}],"about":[{"href":"https:\/\/fizjocare.com.pl\/index.php?rest_route=\/wp\/v2\/types\/page"}],"author":[{"embeddable":true,"href":"https:\/\/fizjocare.com.pl\/index.php?rest_route=\/wp\/v2\/users\/1"}],"replies":[{"embeddable":true,"href":"https:\/\/fizjocare.com.pl\/index.php?rest_route=%2Fwp%2Fv2%2Fcomments&post=77"}],"version-history":[{"count":16,"href":"https:\/\/fizjocare.com.pl\/index.php?rest_route=\/wp\/v2\/pages\/77\/revisions"}],"predecessor-version":[{"id":370,"href":"https:\/\/fizjocare.com.pl\/index.php?rest_route=\/wp\/v2\/pages\/77\/revisions\/370"}],"wp:attachment":[{"href":"https:\/\/fizjocare.com.pl\/index.php?rest_route=%2Fwp%2Fv2%2Fmedia&parent=77"}],"curies":[{"name":"wp","href":"https:\/\/api.w.org\/{rel}","templated":true}]}}