{"id":326,"date":"2025-04-04T12:27:30","date_gmt":"2025-04-04T10:27:30","guid":{"rendered":"https:\/\/fizjocare.com.pl\/?page_id=326"},"modified":"2025-04-04T12:27:30","modified_gmt":"2025-04-04T10:27:30","slug":"kwalifikacje-kinga","status":"publish","type":"page","link":"https:\/\/fizjocare.com.pl\/?page_id=326","title":{"rendered":"Kwalifikacje Kinga"},"content":{"rendered":"\n<div class=\"wp-block-group alignfull has-global-padding is-layout-constrained wp-container-core-group-is-layout-d89aad35 wp-block-group-is-layout-constrained\" style=\"margin-top:0;margin-bottom:0;padding-top:var(--wp--preset--spacing--50);padding-right:var(--wp--preset--spacing--50);padding-bottom:var(--wp--preset--spacing--50);padding-left:var(--wp--preset--spacing--50)\">\n<div class=\"wp-block-group alignwide has-global-padding is-layout-constrained wp-container-core-group-is-layout-19e250f3 wp-block-group-is-layout-constrained\">\n<div class=\"wp-block-columns alignwide is-layout-flex wp-container-core-columns-is-layout-e37d7211 wp-block-columns-is-layout-flex\">\n<div class=\"wp-block-column is-layout-flow wp-block-column-is-layout-flow\" style=\"flex-basis:50%\">\n<figure class=\"wp-block-image size-large is-style-rounded is-style-rounded--1\"><img loading=\"lazy\" decoding=\"async\" width=\"1024\" height=\"1024\" src=\"https:\/\/fizjocare.com.pl\/wp-content\/uploads\/2024\/07\/2-1-1024x1024.jpg\" alt=\"\" class=\"wp-image-265\" style=\"aspect-ratio:4\/3;object-fit:cover\" srcset=\"https:\/\/fizjocare.com.pl\/wp-content\/uploads\/2024\/07\/2-1-1024x1024.jpg 1024w, https:\/\/fizjocare.com.pl\/wp-content\/uploads\/2024\/07\/2-1-300x300.jpg 300w, https:\/\/fizjocare.com.pl\/wp-content\/uploads\/2024\/07\/2-1-150x150.jpg 150w, https:\/\/fizjocare.com.pl\/wp-content\/uploads\/2024\/07\/2-1-768x768.jpg 768w, https:\/\/fizjocare.com.pl\/wp-content\/uploads\/2024\/07\/2-1-600x600.jpg 600w, https:\/\/fizjocare.com.pl\/wp-content\/uploads\/2024\/07\/2-1-100x100.jpg 100w, https:\/\/fizjocare.com.pl\/wp-content\/uploads\/2024\/07\/2-1.jpg 1080w\" sizes=\"auto, (max-width: 1024px) 100vw, 1024px\" \/><\/figure>\n<\/div>\n\n\n\n<div class=\"wp-block-column is-vertically-aligned-center is-layout-flow wp-block-column-is-layout-flow\" style=\"flex-basis:80%\">\n<h3 class=\"wp-block-heading is-style-asterisk\">Uko\u0144czone szko\u0142y<\/h3>\n\n\n\n<ul style=\"line-height:1.75\" class=\"wp-block-list is-style-checkmark-list\">\n<li class=\"has-heading-font-family has-small-font-size\">Warszawski Uniwersytet Medyczny w Warszawie &#8211; tytu\u0142 magistra fizjoterapii<\/li>\n<\/ul>\n<\/div>\n<\/div>\n\n\n\n<div style=\"height:var(--wp--preset--spacing--40)\" aria-hidden=\"true\" class=\"wp-block-spacer\"><\/div>\n\n\n\n<div class=\"wp-block-columns alignwide is-layout-flex wp-container-core-columns-is-layout-e37d7211 wp-block-columns-is-layout-flex\">\n<div class=\"wp-block-column is-layout-flow wp-block-column-is-layout-flow\" style=\"flex-basis:55.56%\">\n<figure class=\"wp-block-image size-large is-style-rounded is-style-rounded--2\"><img loading=\"lazy\" decoding=\"async\" width=\"1024\" height=\"1024\" src=\"https:\/\/fizjocare.com.pl\/wp-content\/uploads\/2024\/07\/1-2-1024x1024.jpg\" alt=\"\" class=\"wp-image-266\" style=\"aspect-ratio:4\/3;object-fit:cover\" srcset=\"https:\/\/fizjocare.com.pl\/wp-content\/uploads\/2024\/07\/1-2-1024x1024.jpg 1024w, https:\/\/fizjocare.com.pl\/wp-content\/uploads\/2024\/07\/1-2-300x300.jpg 300w, https:\/\/fizjocare.com.pl\/wp-content\/uploads\/2024\/07\/1-2-150x150.jpg 150w, https:\/\/fizjocare.com.pl\/wp-content\/uploads\/2024\/07\/1-2-768x768.jpg 768w, https:\/\/fizjocare.com.pl\/wp-content\/uploads\/2024\/07\/1-2-600x600.jpg 600w, https:\/\/fizjocare.com.pl\/wp-content\/uploads\/2024\/07\/1-2-100x100.jpg 100w, https:\/\/fizjocare.com.pl\/wp-content\/uploads\/2024\/07\/1-2.jpg 1080w\" sizes=\"auto, (max-width: 1024px) 100vw, 1024px\" \/><\/figure>\n<\/div>\n\n\n\n<div class=\"wp-block-column is-vertically-aligned-center is-layout-flow wp-block-column-is-layout-flow\" style=\"flex-basis:80%\">\n<h3 class=\"wp-block-heading is-style-asterisk\">Certyfikaty<\/h3>\n\n\n\n<ul style=\"line-height:1.75\" class=\"wp-block-list is-style-checkmark-list\">\n<li class=\"has-heading-font-family has-small-font-size\">Fizjoterapia Oko\u0142oporodowa z Joann\u0105 W\u0105sowsk\u0105 (2024)<\/li>\n\n\n\n<li class=\"has-heading-font-family has-small-font-size\">Zaburzenia kontroli trzymania moczu u kobiet, KIF (2024)<\/li>\n\n\n\n<li class=\"has-heading-font-family has-small-font-size\">Fizjoterapia uroginekologiczna \u2013 wprowadzenie, KIF (2024)<\/li>\n\n\n\n<li class=\"has-heading-font-family has-small-font-size\">Masa\u017c twarzy kobido+ face taping (2024)<\/li>\n\n\n\n<li class=\"has-heading-font-family has-small-font-size\">Programowanie treningu si\u0142owego, GSA (2023)<\/li>\n\n\n\n<li class=\"has-heading-font-family has-small-font-size\">Trener personalny, A4 Academy (2023)<\/li>\n\n\n\n<li class=\"has-heading-font-family has-small-font-size\">Masa\u017c klasyczny I stopnia, Centrum Kszta\u0142cenia AU (2021)<\/li>\n<\/ul>\n<\/div>\n<\/div>\n<\/div>\n<\/div>\n\n\n\n<p><\/p>\n","protected":false},"excerpt":{"rendered":"<p>Uko\u0144czone szko\u0142y Certyfikaty<\/p>\n","protected":false},"author":1,"featured_media":0,"parent":0,"menu_order":0,"comment_status":"closed","ping_status":"closed","template":"","meta":{"footnotes":""},"class_list":["post-326","page","type-page","status-publish","hentry"],"jetpack_sharing_enabled":true,"_links":{"self":[{"href":"https:\/\/fizjocare.com.pl\/index.php?rest_route=\/wp\/v2\/pages\/326","targetHints":{"allow":["GET"]}}],"collection":[{"href":"https:\/\/fizjocare.com.pl\/index.php?rest_route=\/wp\/v2\/pages"}],"about":[{"href":"https:\/\/fizjocare.com.pl\/index.php?rest_route=\/wp\/v2\/types\/page"}],"author":[{"embeddable":true,"href":"https:\/\/fizjocare.com.pl\/index.php?rest_route=\/wp\/v2\/users\/1"}],"replies":[{"embeddable":true,"href":"https:\/\/fizjocare.com.pl\/index.php?rest_route=%2Fwp%2Fv2%2Fcomments&post=326"}],"version-history":[{"count":1,"href":"https:\/\/fizjocare.com.pl\/index.php?rest_route=\/wp\/v2\/pages\/326\/revisions"}],"predecessor-version":[{"id":327,"href":"https:\/\/fizjocare.com.pl\/index.php?rest_route=\/wp\/v2\/pages\/326\/revisions\/327"}],"wp:attachment":[{"href":"https:\/\/fizjocare.com.pl\/index.php?rest_route=%2Fwp%2Fv2%2Fmedia&parent=326"}],"curies":[{"name":"wp","href":"https:\/\/api.w.org\/{rel}","templated":true}]}}