{"id":322,"date":"2025-04-04T12:28:06","date_gmt":"2025-04-04T10:28:06","guid":{"rendered":"https:\/\/fizjocare.com.pl\/?page_id=322"},"modified":"2025-07-31T14:55:15","modified_gmt":"2025-07-31T12:55:15","slug":"kinga","status":"publish","type":"page","link":"https:\/\/fizjocare.com.pl\/?page_id=322","title":{"rendered":"Kinga"},"content":{"rendered":"\n<div class=\"wp-block-group alignfull has-accent-background-color has-background has-global-padding is-layout-constrained wp-container-core-group-is-layout-669513ed wp-block-group-is-layout-constrained\" style=\"margin-top:0;margin-bottom:0;padding-top:var(--wp--preset--spacing--50);padding-right:var(--wp--preset--spacing--50);padding-bottom:var(--wp--preset--spacing--50);padding-left:var(--wp--preset--spacing--50)\">\n<div class=\"wp-block-columns alignwide is-layout-flex wp-container-core-columns-is-layout-2c8f09fd wp-block-columns-is-layout-flex\">\n<div class=\"wp-block-column is-vertically-aligned-center is-layout-flow wp-block-column-is-layout-flow\" style=\"flex-basis:50%\">\n<figure class=\"wp-block-image size-large is-style-rounded is-style-rounded--1\"><img loading=\"lazy\" decoding=\"async\" width=\"780\" height=\"1024\" src=\"https:\/\/fizjocare.com.pl\/wp-content\/uploads\/2025\/04\/IMG_6176-1-780x1024.jpg\" alt=\"\" class=\"wp-image-324\" style=\"aspect-ratio:3\/4;object-fit:cover\" srcset=\"https:\/\/fizjocare.com.pl\/wp-content\/uploads\/2025\/04\/IMG_6176-1-780x1024.jpg 780w, https:\/\/fizjocare.com.pl\/wp-content\/uploads\/2025\/04\/IMG_6176-1-229x300.jpg 229w, https:\/\/fizjocare.com.pl\/wp-content\/uploads\/2025\/04\/IMG_6176-1-768x1008.jpg 768w, https:\/\/fizjocare.com.pl\/wp-content\/uploads\/2025\/04\/IMG_6176-1-1170x1536.jpg 1170w, https:\/\/fizjocare.com.pl\/wp-content\/uploads\/2025\/04\/IMG_6176-1-1560x2048.jpg 1560w, https:\/\/fizjocare.com.pl\/wp-content\/uploads\/2025\/04\/IMG_6176-1-600x788.jpg 600w, https:\/\/fizjocare.com.pl\/wp-content\/uploads\/2025\/04\/IMG_6176-1-scaled.jpg 1950w\" sizes=\"auto, (max-width: 780px) 100vw, 780px\" \/><\/figure>\n<\/div>\n\n\n\n<div class=\"wp-block-column is-vertically-aligned-stretch is-layout-flow wp-block-column-is-layout-flow\" style=\"flex-basis:80%\">\n<div class=\"wp-block-group is-vertical is-content-justification-stretch is-layout-flex wp-container-core-group-is-layout-444d5ee8 wp-block-group-is-layout-flex\" style=\"min-height:100%\">\n<p class=\"has-heading-font-family has-medium-font-size\">Nazywam si\u0119 Kinga Bana\u015bkiewicz. Jestem absolwentk\u0105 Warszawskiego Uniwersytetu Medycznego i pasjonatk\u0105 holistycznego podej\u015bcia do zdrowia. Specjalizuj\u0119 si\u0119 w masa\u017cu Kobido oraz kszta\u0142c\u0119 si\u0119 w kierunku fizjoterapii uroginekologicznej, a tak\u017ce posiadam wiedz\u0119 z zakresu treningu si\u0142owego.&nbsp;<\/p>\n\n\n\n<p class=\"has-heading-font-family\">Moje podej\u015bcie opiera si\u0119 na indywidualnej pracy z pacjentem oraz \u0142\u0105czeniu r\u00f3\u017cnych metod, aby skutecznie wspiera\u0107 zdrowie i samopoczucie.<\/p>\n\n\n\n<p class=\"has-heading-font-family\">W mojej pracy zajmuj\u0119 si\u0119 zar\u00f3wno terapi\u0105 manualn\u0105, jak i masa\u017cem oraz treningiem funkcjonalnym. Pomagam pacjentom w redukcji b\u00f3lu, poprawie funkcji mi\u0119\u015bni, regeneracji oraz budowaniu zdrowych nawyk\u00f3w ruchowych. Stale rozwijam swoje umiej\u0119tno\u015bci, aby zapewni\u0107 jak najlepsz\u0105 jako\u015b\u0107 terapii.<\/p>\n\n\n\n<p class=\"has-heading-font-family has-medium-font-size\">Prywatnie uwielbiam poznawa\u0107 nowe formy aktywno\u015bci fizycznej, cho\u0107 moj\u0105 najwi\u0119ksz\u0105 pasj\u0105 jest trening si\u0142owy. Kocham tak\u017ce g\u00f3rskie w\u0119dr\u00f3wki i podr\u00f3\u017ce, kt\u00f3re pozwalaj\u0105 mi odkrywa\u0107 nowe miejsca.&nbsp;<\/p>\n\n\n\n<div class=\"wp-block-group has-global-padding is-content-justification-left is-layout-constrained wp-container-core-group-is-layout-9fe8ed88 wp-block-group-is-layout-constrained\">\n<p class=\"has-heading-font-family has-medium-font-size wp-container-content-0733e5d0\">Szkolenia, kt\u00f3re uko\u0144czy\u0142am znajduj\u0105 si\u0119 w zak\u0142adce &#8222;kwalifikacje&#8221;<\/p>\n\n\n\n<div class=\"wp-block-buttons is-layout-flex wp-block-buttons-is-layout-flex\">\n<div class=\"wp-block-button\"><a class=\"wp-block-button__link wp-element-button\" href=\"https:\/\/fizjocare.com.pl\/?page_id=326\">Kwalifikacje<\/a><\/div>\n<\/div>\n<\/div>\n<\/div>\n<\/div>\n<\/div>\n<\/div>\n","protected":false},"excerpt":{"rendered":"<p>Nazywam si\u0119 Kinga Bana\u015bkiewicz. Jestem absolwentk\u0105 Warszawskiego Uniwersytetu Medycznego i pasjonatk\u0105 holistycznego podej\u015bcia do zdrowia. Specjalizuj\u0119 si\u0119 w masa\u017cu Kobido oraz kszta\u0142c\u0119 si\u0119 w kierunku fizjoterapii uroginekologicznej, a tak\u017ce posiadam wiedz\u0119 z zakresu treningu si\u0142owego.&nbsp; Moje podej\u015bcie opiera si\u0119 na indywidualnej pracy z pacjentem oraz \u0142\u0105czeniu r\u00f3\u017cnych metod, aby skutecznie wspiera\u0107 zdrowie i samopoczucie. W [&hellip;]<\/p>\n","protected":false},"author":1,"featured_media":0,"parent":0,"menu_order":0,"comment_status":"closed","ping_status":"closed","template":"","meta":{"footnotes":""},"class_list":["post-322","page","type-page","status-publish","hentry"],"jetpack_sharing_enabled":true,"_links":{"self":[{"href":"https:\/\/fizjocare.com.pl\/index.php?rest_route=\/wp\/v2\/pages\/322","targetHints":{"allow":["GET"]}}],"collection":[{"href":"https:\/\/fizjocare.com.pl\/index.php?rest_route=\/wp\/v2\/pages"}],"about":[{"href":"https:\/\/fizjocare.com.pl\/index.php?rest_route=\/wp\/v2\/types\/page"}],"author":[{"embeddable":true,"href":"https:\/\/fizjocare.com.pl\/index.php?rest_route=\/wp\/v2\/users\/1"}],"replies":[{"embeddable":true,"href":"https:\/\/fizjocare.com.pl\/index.php?rest_route=%2Fwp%2Fv2%2Fcomments&post=322"}],"version-history":[{"count":3,"href":"https:\/\/fizjocare.com.pl\/index.php?rest_route=\/wp\/v2\/pages\/322\/revisions"}],"predecessor-version":[{"id":358,"href":"https:\/\/fizjocare.com.pl\/index.php?rest_route=\/wp\/v2\/pages\/322\/revisions\/358"}],"wp:attachment":[{"href":"https:\/\/fizjocare.com.pl\/index.php?rest_route=%2Fwp%2Fv2%2Fmedia&parent=322"}],"curies":[{"name":"wp","href":"https:\/\/api.w.org\/{rel}","templated":true}]}}