{"id":243,"date":"2024-06-01T18:15:18","date_gmt":"2024-06-01T16:15:18","guid":{"rendered":"https:\/\/fizjocare.com.pl\/?page_id=243"},"modified":"2024-09-20T11:47:29","modified_gmt":"2024-09-20T09:47:29","slug":"pierwsza-wizyta","status":"publish","type":"page","link":"https:\/\/fizjocare.com.pl\/?page_id=243","title":{"rendered":"Pierwsza wizyta"},"content":{"rendered":"\n<div class=\"wp-block-group alignfull has-global-padding is-layout-constrained wp-container-core-group-is-layout-d89aad35 wp-block-group-is-layout-constrained\" style=\"margin-top:0;margin-bottom:0;padding-top:var(--wp--preset--spacing--50);padding-right:var(--wp--preset--spacing--50);padding-bottom:var(--wp--preset--spacing--50);padding-left:var(--wp--preset--spacing--50)\">\n<div class=\"wp-block-group alignwide has-global-padding is-layout-constrained wp-container-core-group-is-layout-19e250f3 wp-block-group-is-layout-constrained\">\n<div class=\"wp-block-group is-vertical is-content-justification-center is-layout-flex wp-container-core-group-is-layout-6329a8f3 wp-block-group-is-layout-flex\">\n<h2 class=\"wp-block-heading has-text-align-center is-style-asterisk\">Jak wygl\u0105da pierwsza wizyta?<\/h2>\n<\/div>\n\n\n\n<div style=\"height:var(--wp--preset--spacing--40)\" aria-hidden=\"true\" class=\"wp-block-spacer\"><\/div>\n\n\n\n<div class=\"wp-block-columns alignwide is-layout-flex wp-container-core-columns-is-layout-e37d7211 wp-block-columns-is-layout-flex\">\n<div class=\"wp-block-column is-layout-flow wp-block-column-is-layout-flow\" style=\"flex-basis:50%\">\n<figure class=\"wp-block-image size-large is-style-rounded is-style-rounded--1\"><img loading=\"lazy\" decoding=\"async\" width=\"1024\" height=\"1024\" src=\"https:\/\/fizjocare.com.pl\/wp-content\/uploads\/2024\/07\/2-1024x1024.jpg\" alt=\"\" class=\"wp-image-260\" style=\"aspect-ratio:4\/3;object-fit:cover\" srcset=\"https:\/\/fizjocare.com.pl\/wp-content\/uploads\/2024\/07\/2-1024x1024.jpg 1024w, https:\/\/fizjocare.com.pl\/wp-content\/uploads\/2024\/07\/2-300x300.jpg 300w, https:\/\/fizjocare.com.pl\/wp-content\/uploads\/2024\/07\/2-150x150.jpg 150w, https:\/\/fizjocare.com.pl\/wp-content\/uploads\/2024\/07\/2-768x768.jpg 768w, https:\/\/fizjocare.com.pl\/wp-content\/uploads\/2024\/07\/2-600x600.jpg 600w, https:\/\/fizjocare.com.pl\/wp-content\/uploads\/2024\/07\/2-100x100.jpg 100w, https:\/\/fizjocare.com.pl\/wp-content\/uploads\/2024\/07\/2.jpg 1080w\" sizes=\"auto, (max-width: 1024px) 100vw, 1024px\" \/><\/figure>\n<\/div>\n\n\n\n<div class=\"wp-block-column is-vertically-aligned-center is-layout-flow wp-block-column-is-layout-flow\" style=\"flex-basis:80%\">\n<h3 class=\"wp-block-heading is-style-asterisk has-large-font-size\">Wywiad<\/h3>\n\n\n\n<p class=\"has-heading-font-family has-small-font-size\">Wywiad to pierwszy etap wizyty, polega na uzyskaniu jak najwi\u0119kszej liczby informacji o aktualnych dolegliwo\u015bciach, urazach, chorobach towarzysz\u0105cych, przeciwskazaniach oraz na analizie dokumentacji medycznej (RTG, USG, MRI). Na tym etapie pacjent wyra\u017ca i podpisuje zgody na \u015bwiadczenia fizjoterapeutyczne.<\/p>\n<\/div>\n<\/div>\n\n\n\n<div style=\"height:var(--wp--preset--spacing--40)\" aria-hidden=\"true\" class=\"wp-block-spacer\"><\/div>\n\n\n\n<div class=\"wp-block-columns alignwide is-layout-flex wp-container-core-columns-is-layout-e37d7211 wp-block-columns-is-layout-flex\">\n<div class=\"wp-block-column is-layout-flow wp-block-column-is-layout-flow\" style=\"flex-basis:50%\">\n<figure class=\"wp-block-image size-large is-style-rounded is-style-rounded--2\"><img loading=\"lazy\" decoding=\"async\" width=\"1024\" height=\"1024\" src=\"https:\/\/fizjocare.com.pl\/wp-content\/uploads\/2024\/07\/3-1024x1024.jpg\" alt=\"\" class=\"wp-image-261\" style=\"aspect-ratio:4\/3;object-fit:cover\" srcset=\"https:\/\/fizjocare.com.pl\/wp-content\/uploads\/2024\/07\/3-1024x1024.jpg 1024w, https:\/\/fizjocare.com.pl\/wp-content\/uploads\/2024\/07\/3-300x300.jpg 300w, https:\/\/fizjocare.com.pl\/wp-content\/uploads\/2024\/07\/3-150x150.jpg 150w, https:\/\/fizjocare.com.pl\/wp-content\/uploads\/2024\/07\/3-768x768.jpg 768w, https:\/\/fizjocare.com.pl\/wp-content\/uploads\/2024\/07\/3-600x600.jpg 600w, https:\/\/fizjocare.com.pl\/wp-content\/uploads\/2024\/07\/3-100x100.jpg 100w, https:\/\/fizjocare.com.pl\/wp-content\/uploads\/2024\/07\/3.jpg 1080w\" sizes=\"auto, (max-width: 1024px) 100vw, 1024px\" \/><\/figure>\n<\/div>\n\n\n\n<div class=\"wp-block-column is-vertically-aligned-center is-layout-flow wp-block-column-is-layout-flow\" style=\"flex-basis:80%\">\n<h3 class=\"wp-block-heading is-style-asterisk has-large-font-size\">Badanie<\/h3>\n\n\n\n<p class=\"has-heading-font-family has-small-font-size\">Oceniana jest postawa cia\u0142a, mobilno\u015bci staw\u00f3w, ocena napi\u0119cia mi\u0119\u015bniowo-powi\u0119ziowego, badania ortopedyczne, badania neurologiczne oraz testy, dzi\u0119ki kt\u00f3rym mo\u017cliwe jest postawienie diagnozy.<\/p>\n<\/div>\n<\/div>\n\n\n\n<div style=\"height:var(--wp--preset--spacing--40)\" aria-hidden=\"true\" class=\"wp-block-spacer\"><\/div>\n\n\n\n<div class=\"wp-block-columns alignwide is-layout-flex wp-container-core-columns-is-layout-e37d7211 wp-block-columns-is-layout-flex\">\n<div class=\"wp-block-column is-layout-flow wp-block-column-is-layout-flow\" style=\"flex-basis:50%\">\n<figure class=\"wp-block-image size-large is-style-rounded is-style-rounded--3\"><img loading=\"lazy\" decoding=\"async\" width=\"1080\" height=\"1080\" src=\"https:\/\/fizjocare.com.pl\/wp-content\/uploads\/2024\/07\/4-1024x1024.jpg\" alt=\"\" class=\"wp-image-262\" style=\"aspect-ratio:4\/3;object-fit:cover\" srcset=\"https:\/\/fizjocare.com.pl\/wp-content\/uploads\/2024\/07\/4-1024x1024.jpg 1024w, https:\/\/fizjocare.com.pl\/wp-content\/uploads\/2024\/07\/4-300x300.jpg 300w, https:\/\/fizjocare.com.pl\/wp-content\/uploads\/2024\/07\/4-150x150.jpg 150w, https:\/\/fizjocare.com.pl\/wp-content\/uploads\/2024\/07\/4-768x768.jpg 768w, https:\/\/fizjocare.com.pl\/wp-content\/uploads\/2024\/07\/4-600x600.jpg 600w, https:\/\/fizjocare.com.pl\/wp-content\/uploads\/2024\/07\/4-100x100.jpg 100w, https:\/\/fizjocare.com.pl\/wp-content\/uploads\/2024\/07\/4.jpg 1080w\" sizes=\"auto, (max-width: 1080px) 100vw, 1080px\" \/><\/figure>\n<\/div>\n\n\n\n<div class=\"wp-block-column is-vertically-aligned-center is-layout-flow wp-block-column-is-layout-flow\" style=\"flex-basis:80%\">\n<h3 class=\"wp-block-heading is-style-asterisk\">Terapia<\/h3>\n\n\n\n<p class=\"has-heading-font-family has-small-font-size\">Po wywiadzie i badaniu wykonywana jest terapia, technikami i metodami dobranymi do problemu pacjenta.<\/p>\n<\/div>\n<\/div>\n\n\n\n<div style=\"height:var(--wp--preset--spacing--40)\" aria-hidden=\"true\" class=\"wp-block-spacer\"><\/div>\n\n\n\n<div class=\"wp-block-columns alignwide is-layout-flex wp-container-core-columns-is-layout-e37d7211 wp-block-columns-is-layout-flex\">\n<div class=\"wp-block-column is-layout-flow wp-block-column-is-layout-flow\" style=\"flex-basis:50%\">\n<figure class=\"wp-block-image size-large is-style-rounded is-style-rounded--4\"><img loading=\"lazy\" decoding=\"async\" width=\"1024\" height=\"1024\" src=\"https:\/\/fizjocare.com.pl\/wp-content\/uploads\/2024\/07\/5-1024x1024.jpg\" alt=\"\" class=\"wp-image-263\" style=\"aspect-ratio:4\/3;object-fit:cover\" srcset=\"https:\/\/fizjocare.com.pl\/wp-content\/uploads\/2024\/07\/5-1024x1024.jpg 1024w, https:\/\/fizjocare.com.pl\/wp-content\/uploads\/2024\/07\/5-300x300.jpg 300w, https:\/\/fizjocare.com.pl\/wp-content\/uploads\/2024\/07\/5-150x150.jpg 150w, https:\/\/fizjocare.com.pl\/wp-content\/uploads\/2024\/07\/5-768x768.jpg 768w, https:\/\/fizjocare.com.pl\/wp-content\/uploads\/2024\/07\/5-600x600.jpg 600w, https:\/\/fizjocare.com.pl\/wp-content\/uploads\/2024\/07\/5-100x100.jpg 100w, https:\/\/fizjocare.com.pl\/wp-content\/uploads\/2024\/07\/5.jpg 1080w\" sizes=\"auto, (max-width: 1024px) 100vw, 1024px\" \/><\/figure>\n<\/div>\n\n\n\n<div class=\"wp-block-column is-vertically-aligned-center is-layout-flow wp-block-column-is-layout-flow\" style=\"flex-basis:80%\">\n<h3 class=\"wp-block-heading is-style-asterisk\">Zalecenia do domu<\/h3>\n\n\n\n<p class=\"has-heading-font-family has-small-font-size\">Ostatnim elementem wizyty s\u0105 zalecenia dotycz\u0105ce zdrowia pacjenta. To dzi\u0119ki nim mo\u017cliwe jest uzyskanie trwa\u0142ych efekt\u00f3w terapii.<\/p>\n<\/div>\n<\/div>\n<\/div>\n<\/div>\n","protected":false},"excerpt":{"rendered":"<p>Jak wygl\u0105da pierwsza wizyta? Wywiad Wywiad to pierwszy etap wizyty, polega na uzyskaniu jak najwi\u0119kszej liczby informacji o aktualnych dolegliwo\u015bciach, urazach, chorobach towarzysz\u0105cych, przeciwskazaniach oraz na analizie dokumentacji medycznej (RTG, USG, MRI). Na tym etapie pacjent wyra\u017ca i podpisuje zgody na \u015bwiadczenia fizjoterapeutyczne. Badanie Oceniana jest postawa cia\u0142a, mobilno\u015bci staw\u00f3w, ocena napi\u0119cia mi\u0119\u015bniowo-powi\u0119ziowego, badania ortopedyczne, [&hellip;]<\/p>\n","protected":false},"author":1,"featured_media":0,"parent":0,"menu_order":0,"comment_status":"closed","ping_status":"closed","template":"","meta":{"footnotes":""},"class_list":["post-243","page","type-page","status-publish","hentry"],"jetpack_sharing_enabled":true,"_links":{"self":[{"href":"https:\/\/fizjocare.com.pl\/index.php?rest_route=\/wp\/v2\/pages\/243","targetHints":{"allow":["GET"]}}],"collection":[{"href":"https:\/\/fizjocare.com.pl\/index.php?rest_route=\/wp\/v2\/pages"}],"about":[{"href":"https:\/\/fizjocare.com.pl\/index.php?rest_route=\/wp\/v2\/types\/page"}],"author":[{"embeddable":true,"href":"https:\/\/fizjocare.com.pl\/index.php?rest_route=\/wp\/v2\/users\/1"}],"replies":[{"embeddable":true,"href":"https:\/\/fizjocare.com.pl\/index.php?rest_route=%2Fwp%2Fv2%2Fcomments&post=243"}],"version-history":[{"count":7,"href":"https:\/\/fizjocare.com.pl\/index.php?rest_route=\/wp\/v2\/pages\/243\/revisions"}],"predecessor-version":[{"id":294,"href":"https:\/\/fizjocare.com.pl\/index.php?rest_route=\/wp\/v2\/pages\/243\/revisions\/294"}],"wp:attachment":[{"href":"https:\/\/fizjocare.com.pl\/index.php?rest_route=%2Fwp%2Fv2%2Fmedia&parent=243"}],"curies":[{"name":"wp","href":"https:\/\/api.w.org\/{rel}","templated":true}]}}