{"id":227,"date":"2024-06-01T18:15:28","date_gmt":"2024-06-01T16:15:28","guid":{"rendered":"https:\/\/fizjocare.com.pl\/?page_id=227"},"modified":"2024-09-20T11:46:41","modified_gmt":"2024-09-20T09:46:41","slug":"oferta","status":"publish","type":"page","link":"https:\/\/fizjocare.com.pl\/?page_id=227","title":{"rendered":"Oferta"},"content":{"rendered":"\n<div class=\"wp-block-group alignfull has-global-padding is-layout-constrained wp-container-core-group-is-layout-d89aad35 wp-block-group-is-layout-constrained\" style=\"margin-top:0;margin-bottom:0;padding-top:var(--wp--preset--spacing--50);padding-right:var(--wp--preset--spacing--50);padding-bottom:var(--wp--preset--spacing--50);padding-left:var(--wp--preset--spacing--50)\">\n<div class=\"wp-block-group alignwide has-global-padding is-layout-constrained wp-container-core-group-is-layout-19e250f3 wp-block-group-is-layout-constrained\">\n<div class=\"wp-block-group is-vertical is-content-justification-center is-layout-flex wp-container-core-group-is-layout-6329a8f3 wp-block-group-is-layout-flex\">\n<h2 class=\"wp-block-heading has-text-align-center is-style-asterisk\">Oferowane us\u0142ugi<\/h2>\n<\/div>\n\n\n\n<div style=\"height:var(--wp--preset--spacing--40)\" aria-hidden=\"true\" class=\"wp-block-spacer\"><\/div>\n\n\n\n<div class=\"wp-block-columns alignwide is-layout-flex wp-container-core-columns-is-layout-e37d7211 wp-block-columns-is-layout-flex\">\n<div class=\"wp-block-column is-layout-flow wp-block-column-is-layout-flow\" style=\"flex-basis:50%\">\n<figure class=\"wp-block-image size-large is-style-rounded is-style-rounded--1\"><img loading=\"lazy\" decoding=\"async\" width=\"1080\" height=\"720\" src=\"https:\/\/fizjocare.com.pl\/wp-content\/uploads\/2024\/07\/Projekt-bez-nazwy-4-edited-2.png\" alt=\"\" class=\"wp-image-255\" srcset=\"https:\/\/fizjocare.com.pl\/wp-content\/uploads\/2024\/07\/Projekt-bez-nazwy-4-edited-2.png 1080w, https:\/\/fizjocare.com.pl\/wp-content\/uploads\/2024\/07\/Projekt-bez-nazwy-4-edited-2-300x200.png 300w, https:\/\/fizjocare.com.pl\/wp-content\/uploads\/2024\/07\/Projekt-bez-nazwy-4-edited-2-1024x683.png 1024w, https:\/\/fizjocare.com.pl\/wp-content\/uploads\/2024\/07\/Projekt-bez-nazwy-4-edited-2-768x512.png 768w, https:\/\/fizjocare.com.pl\/wp-content\/uploads\/2024\/07\/Projekt-bez-nazwy-4-edited-2-600x400.png 600w\" sizes=\"auto, (max-width: 1080px) 100vw, 1080px\" \/><\/figure>\n<\/div>\n\n\n\n<div class=\"wp-block-column is-vertically-aligned-center is-layout-flow wp-block-column-is-layout-flow\" style=\"flex-basis:80%\">\n<h3 class=\"wp-block-heading is-style-asterisk\" style=\"font-size:clamp(0.929rem, 0.929rem + ((1vw - 0.2rem) * 0.785), 1.4rem);\">Fizjoterapia ortopedyczna<\/h3>\n\n\n\n<p class=\"has-heading-font-family has-small-font-size\">Fizjoterapia b\u00f3lu ostrego oraz przewlek\u0142ego: b\u00f3le kr\u0119gos\u0142upa, b\u00f3le stawu ramiennego, kolanowego, \u0142okie\u0107 tenisisty\/ golfisty, ostroga pi\u0119towa, rwa kulszowa, urazy ortopedyczne, rehabilitacja pooperacyjna, napi\u0119cia powi\u0119ziowe<\/p>\n<\/div>\n<\/div>\n\n\n\n<div style=\"height:var(--wp--preset--spacing--40)\" aria-hidden=\"true\" class=\"wp-block-spacer\"><\/div>\n\n\n\n<div class=\"wp-block-columns alignwide has-small-font-size is-layout-flex wp-container-core-columns-is-layout-e37d7211 wp-block-columns-is-layout-flex\">\n<div class=\"wp-block-column is-layout-flow wp-block-column-is-layout-flow\" style=\"flex-basis:50%\">\n<figure class=\"wp-block-image size-large is-style-rounded is-style-rounded--2\"><img loading=\"lazy\" decoding=\"async\" width=\"1080\" height=\"810\" src=\"https:\/\/fizjocare.com.pl\/wp-content\/uploads\/2024\/07\/Projekt-bez-nazwy-3-edited.png\" alt=\"\" class=\"wp-image-256\" style=\"aspect-ratio:4\/3;object-fit:cover\" srcset=\"https:\/\/fizjocare.com.pl\/wp-content\/uploads\/2024\/07\/Projekt-bez-nazwy-3-edited.png 1080w, https:\/\/fizjocare.com.pl\/wp-content\/uploads\/2024\/07\/Projekt-bez-nazwy-3-edited-300x225.png 300w, https:\/\/fizjocare.com.pl\/wp-content\/uploads\/2024\/07\/Projekt-bez-nazwy-3-edited-1024x768.png 1024w, https:\/\/fizjocare.com.pl\/wp-content\/uploads\/2024\/07\/Projekt-bez-nazwy-3-edited-768x576.png 768w, https:\/\/fizjocare.com.pl\/wp-content\/uploads\/2024\/07\/Projekt-bez-nazwy-3-edited-600x450.png 600w\" sizes=\"auto, (max-width: 1080px) 100vw, 1080px\" \/><\/figure>\n<\/div>\n\n\n\n<div class=\"wp-block-column is-vertically-aligned-center is-layout-flow wp-block-column-is-layout-flow\" style=\"flex-basis:80%\">\n<h3 class=\"wp-block-heading is-style-asterisk\" style=\"font-size:clamp(0.929rem, 0.929rem + ((1vw - 0.2rem) * 0.785), 1.4rem);\">Fizjoterapia uroginekologiczna<\/h3>\n\n\n\n<p class=\"has-heading-font-family has-small-font-size\">Przygotowanie do ci\u0105\u017cy\/ porodu, trening dna miednicy, terapii: blizny po cesarskim ci\u0119ciu, rozej\u015bcia mi\u0119\u015bnia prostego brzucha, nietrzymania moczu, bolesnego miesi\u0105czkowania, bolesnego wsp\u00f3\u0142\u017cycia, endometriozy, policystycznych jajnik\u00f3w, obni\u017cenie narz\u0105d\u00f3w miednicy mniejszej, wspomaganie przy procedurach in vitro<\/p>\n<\/div>\n<\/div>\n\n\n\n<div style=\"height:var(--wp--preset--spacing--40)\" aria-hidden=\"true\" class=\"wp-block-spacer\"><\/div>\n\n\n\n<div class=\"wp-block-columns alignwide is-layout-flex wp-container-core-columns-is-layout-e37d7211 wp-block-columns-is-layout-flex\">\n<div class=\"wp-block-column is-layout-flow wp-block-column-is-layout-flow\" style=\"flex-basis:50%\">\n<figure class=\"wp-block-image size-large is-style-rounded is-style-rounded--3\"><img loading=\"lazy\" decoding=\"async\" width=\"1024\" height=\"1024\" src=\"https:\/\/fizjocare.com.pl\/wp-content\/uploads\/2024\/03\/Projekt-bez-nazwy-2-edited-1024x1024.png\" alt=\"\" class=\"wp-image-207\" style=\"aspect-ratio:4\/3;object-fit:cover\" srcset=\"https:\/\/fizjocare.com.pl\/wp-content\/uploads\/2024\/03\/Projekt-bez-nazwy-2-edited-1024x1024.png 1024w, https:\/\/fizjocare.com.pl\/wp-content\/uploads\/2024\/03\/Projekt-bez-nazwy-2-edited-300x300.png 300w, https:\/\/fizjocare.com.pl\/wp-content\/uploads\/2024\/03\/Projekt-bez-nazwy-2-edited-150x150.png 150w, https:\/\/fizjocare.com.pl\/wp-content\/uploads\/2024\/03\/Projekt-bez-nazwy-2-edited-768x768.png 768w, https:\/\/fizjocare.com.pl\/wp-content\/uploads\/2024\/03\/Projekt-bez-nazwy-2-edited-600x600.png 600w, https:\/\/fizjocare.com.pl\/wp-content\/uploads\/2024\/03\/Projekt-bez-nazwy-2-edited-100x100.png 100w, https:\/\/fizjocare.com.pl\/wp-content\/uploads\/2024\/03\/Projekt-bez-nazwy-2-edited.png 1080w\" sizes=\"auto, (max-width: 1024px) 100vw, 1024px\" \/><\/figure>\n<\/div>\n\n\n\n<div class=\"wp-block-column is-vertically-aligned-center is-layout-flow wp-block-column-is-layout-flow\" style=\"flex-basis:80%\">\n<h3 class=\"wp-block-heading is-style-asterisk\" style=\"font-size:clamp(0.929rem, 0.929rem + ((1vw - 0.2rem) * 0.785), 1.4rem);\">Fizjoterapia stomatologiczna<\/h3>\n\n\n\n<p class=\"has-heading-font-family has-small-font-size\">Fizjoterapia uk\u0142adu stomatognatycznego: bruksizm, szcz\u0119ko\u015bcisk, zaburzenia stawu skroniowo-\u017cuchwowego, krepitacje, trzaski, szumy uszne, b\u00f3le g\u0142owy<\/p>\n<\/div>\n<\/div>\n\n\n\n<div style=\"height:var(--wp--preset--spacing--40)\" aria-hidden=\"true\" class=\"wp-block-spacer\"><\/div>\n\n\n\n<div class=\"wp-block-columns alignwide has-small-font-size is-layout-flex wp-container-core-columns-is-layout-da884b30 wp-block-columns-is-layout-flex\" style=\"margin-top:0;margin-bottom:0;padding-top:0;padding-right:0;padding-bottom:0;padding-left:0\">\n<div class=\"wp-block-column is-layout-flow wp-block-column-is-layout-flow\" style=\"flex-basis:50%\">\n<figure class=\"wp-block-image size-large is-style-rounded is-style-rounded--4\"><img loading=\"lazy\" decoding=\"async\" width=\"576\" height=\"1024\" src=\"https:\/\/fizjocare.com.pl\/wp-content\/uploads\/2024\/03\/Projekt-bez-nazwy-5-576x1024.png\" alt=\"\" class=\"wp-image-210\" style=\"aspect-ratio:3\/2;object-fit:cover\" srcset=\"https:\/\/fizjocare.com.pl\/wp-content\/uploads\/2024\/03\/Projekt-bez-nazwy-5-576x1024.png 576w, https:\/\/fizjocare.com.pl\/wp-content\/uploads\/2024\/03\/Projekt-bez-nazwy-5-169x300.png 169w, https:\/\/fizjocare.com.pl\/wp-content\/uploads\/2024\/03\/Projekt-bez-nazwy-5-768x1365.png 768w, https:\/\/fizjocare.com.pl\/wp-content\/uploads\/2024\/03\/Projekt-bez-nazwy-5-864x1536.png 864w, https:\/\/fizjocare.com.pl\/wp-content\/uploads\/2024\/03\/Projekt-bez-nazwy-5-600x1067.png 600w, https:\/\/fizjocare.com.pl\/wp-content\/uploads\/2024\/03\/Projekt-bez-nazwy-5.png 1080w\" sizes=\"auto, (max-width: 576px) 100vw, 576px\" \/><\/figure>\n<\/div>\n\n\n\n<div class=\"wp-block-column is-vertically-aligned-center is-layout-flow wp-block-column-is-layout-flow\" style=\"flex-basis:80%\">\n<h3 class=\"wp-block-heading is-style-asterisk\" style=\"font-size:clamp(0.929rem, 0.929rem + ((1vw - 0.2rem) * 0.785), 1.4rem);\">Fizjoterapia dzieci i niemowl\u0105t<\/h3>\n\n\n\n<p class=\"has-heading-font-family has-small-font-size\">Ocena rozwoju dziecka do 18 miesi\u0105ca \u017cycia, piel\u0119gnacja dziecka, asymetri\u0119 cia\u0142a, zaburzenia napi\u0119cia mi\u0119\u015bniowego, korekcja wad postawy, przygotowanie motoryczne.<\/p>\n<\/div>\n<\/div>\n\n\n\n<div style=\"height:var(--wp--preset--spacing--40)\" aria-hidden=\"true\" class=\"wp-block-spacer\"><\/div>\n\n\n\n<div class=\"wp-block-columns alignwide is-layout-flex wp-container-core-columns-is-layout-e37d7211 wp-block-columns-is-layout-flex\">\n<div class=\"wp-block-column is-layout-flow wp-block-column-is-layout-flow\" style=\"flex-basis:50%\">\n<figure class=\"wp-block-image size-large is-style-rounded is-style-rounded--5\"><img loading=\"lazy\" decoding=\"async\" width=\"1024\" height=\"1024\" src=\"https:\/\/fizjocare.com.pl\/wp-content\/uploads\/2024\/07\/1-1-1024x1024.jpg\" alt=\"\" class=\"wp-image-258\" style=\"aspect-ratio:4\/3;object-fit:cover\" srcset=\"https:\/\/fizjocare.com.pl\/wp-content\/uploads\/2024\/07\/1-1-1024x1024.jpg 1024w, https:\/\/fizjocare.com.pl\/wp-content\/uploads\/2024\/07\/1-1-300x300.jpg 300w, https:\/\/fizjocare.com.pl\/wp-content\/uploads\/2024\/07\/1-1-150x150.jpg 150w, https:\/\/fizjocare.com.pl\/wp-content\/uploads\/2024\/07\/1-1-768x768.jpg 768w, https:\/\/fizjocare.com.pl\/wp-content\/uploads\/2024\/07\/1-1-600x600.jpg 600w, https:\/\/fizjocare.com.pl\/wp-content\/uploads\/2024\/07\/1-1-100x100.jpg 100w, https:\/\/fizjocare.com.pl\/wp-content\/uploads\/2024\/07\/1-1.jpg 1080w\" sizes=\"auto, (max-width: 1024px) 100vw, 1024px\" \/><\/figure>\n<\/div>\n\n\n\n<div class=\"wp-block-column is-vertically-aligned-center is-layout-flow wp-block-column-is-layout-flow\" style=\"flex-basis:80%\">\n<h3 class=\"wp-block-heading is-style-asterisk\" style=\"font-size:clamp(0.929rem, 0.929rem + ((1vw - 0.2rem) * 0.785), 1.4rem);\">Suche ig\u0142owanie<\/h3>\n\n\n\n<p class=\"has-heading-font-family has-small-font-size\">Suche ig\u0142owanie stosowane w celu zmniejszenia napi\u0119cia mi\u0119\u015bniowo- powi\u0119ziowego oraz aktywno\u015bci puntu spustowego, a tak\u017ce w terapii blizny.<\/p>\n<\/div>\n<\/div>\n\n\n\n<div style=\"height:var(--wp--preset--spacing--40)\" aria-hidden=\"true\" class=\"wp-block-spacer\"><\/div>\n\n\n\n<div class=\"wp-block-columns alignwide has-small-font-size is-layout-flex wp-container-core-columns-is-layout-e37d7211 wp-block-columns-is-layout-flex\">\n<div class=\"wp-block-column is-layout-flow wp-block-column-is-layout-flow\" style=\"flex-basis:50%\">\n<figure class=\"wp-block-image size-large is-style-rounded is-style-rounded--6\"><img loading=\"lazy\" decoding=\"async\" width=\"1024\" height=\"1024\" src=\"https:\/\/fizjocare.com.pl\/wp-content\/uploads\/2024\/03\/Projekt-bez-nazwy-6-1024x1024.png\" alt=\"\" class=\"wp-image-212\" style=\"aspect-ratio:4\/3;object-fit:cover\" srcset=\"https:\/\/fizjocare.com.pl\/wp-content\/uploads\/2024\/03\/Projekt-bez-nazwy-6-1024x1024.png 1024w, https:\/\/fizjocare.com.pl\/wp-content\/uploads\/2024\/03\/Projekt-bez-nazwy-6-300x300.png 300w, https:\/\/fizjocare.com.pl\/wp-content\/uploads\/2024\/03\/Projekt-bez-nazwy-6-150x150.png 150w, https:\/\/fizjocare.com.pl\/wp-content\/uploads\/2024\/03\/Projekt-bez-nazwy-6-768x768.png 768w, https:\/\/fizjocare.com.pl\/wp-content\/uploads\/2024\/03\/Projekt-bez-nazwy-6-600x600.png 600w, https:\/\/fizjocare.com.pl\/wp-content\/uploads\/2024\/03\/Projekt-bez-nazwy-6-100x100.png 100w, https:\/\/fizjocare.com.pl\/wp-content\/uploads\/2024\/03\/Projekt-bez-nazwy-6.png 1080w\" sizes=\"auto, (max-width: 1024px) 100vw, 1024px\" \/><\/figure>\n<\/div>\n\n\n\n<div class=\"wp-block-column is-vertically-aligned-center is-layout-flow wp-block-column-is-layout-flow\" style=\"flex-basis:80%\">\n<h3 class=\"wp-block-heading is-style-asterisk\" style=\"font-size:clamp(0.929rem, 0.929rem + ((1vw - 0.2rem) * 0.785), 1.4rem);\">Wk\u0142adki ortopedyczne<\/h3>\n\n\n\n<p class=\"has-heading-font-family has-small-font-size\">Dob\u00f3r i wykonanie termoplastycznych wk\u0142adek ortopedycznych ICB Medical przy zaburzeniach takich jak p\u0142askostopie, ostroga pi\u0119towa i inne wady st\u00f3p.<\/p>\n<\/div>\n<\/div>\n\n\n\n<div style=\"height:var(--wp--preset--spacing--40)\" aria-hidden=\"true\" class=\"wp-block-spacer\"><\/div>\n\n\n\n<div class=\"wp-block-columns alignwide is-layout-flex wp-container-core-columns-is-layout-e37d7211 wp-block-columns-is-layout-flex\">\n<div class=\"wp-block-column is-layout-flow wp-block-column-is-layout-flow\" style=\"flex-basis:50%\">\n<figure class=\"wp-block-image size-large is-style-rounded is-style-rounded--7\"><img loading=\"lazy\" decoding=\"async\" width=\"1024\" height=\"1024\" src=\"https:\/\/fizjocare.com.pl\/wp-content\/uploads\/2024\/03\/Projekt-bez-nazwy-10-1024x1024.png\" alt=\"\" class=\"wp-image-214\" style=\"aspect-ratio:4\/3;object-fit:cover\" srcset=\"https:\/\/fizjocare.com.pl\/wp-content\/uploads\/2024\/03\/Projekt-bez-nazwy-10-1024x1024.png 1024w, https:\/\/fizjocare.com.pl\/wp-content\/uploads\/2024\/03\/Projekt-bez-nazwy-10-300x300.png 300w, https:\/\/fizjocare.com.pl\/wp-content\/uploads\/2024\/03\/Projekt-bez-nazwy-10-150x150.png 150w, https:\/\/fizjocare.com.pl\/wp-content\/uploads\/2024\/03\/Projekt-bez-nazwy-10-768x768.png 768w, https:\/\/fizjocare.com.pl\/wp-content\/uploads\/2024\/03\/Projekt-bez-nazwy-10-600x600.png 600w, https:\/\/fizjocare.com.pl\/wp-content\/uploads\/2024\/03\/Projekt-bez-nazwy-10-100x100.png 100w, https:\/\/fizjocare.com.pl\/wp-content\/uploads\/2024\/03\/Projekt-bez-nazwy-10.png 1080w\" sizes=\"auto, (max-width: 1024px) 100vw, 1024px\" \/><\/figure>\n<\/div>\n\n\n\n<div class=\"wp-block-column is-vertically-aligned-center is-layout-flow wp-block-column-is-layout-flow\" style=\"flex-basis:80%\">\n<h3 class=\"wp-block-heading is-style-asterisk\" style=\"font-size:clamp(0.929rem, 0.929rem + ((1vw - 0.2rem) * 0.785), 1.4rem);\">Wizyty domowe<\/h3>\n\n\n\n<p class=\"has-heading-font-family has-small-font-size\">Gdy nie mo\u017cesz samodzielnie dotrze\u0107 do gabinetu, mo\u017cemy przyjecha\u0107 do Ciebie.<\/p>\n<\/div>\n<\/div>\n\n\n\n<div style=\"height:var(--wp--preset--spacing--40)\" aria-hidden=\"true\" class=\"wp-block-spacer\"><\/div>\n\n\n\n<div class=\"wp-block-columns alignwide has-small-font-size is-layout-flex wp-container-core-columns-is-layout-e37d7211 wp-block-columns-is-layout-flex\">\n<div class=\"wp-block-column is-layout-flow wp-block-column-is-layout-flow\" style=\"flex-basis:50%\">\n<figure class=\"wp-block-image size-large is-style-rounded is-style-rounded--8\"><img loading=\"lazy\" decoding=\"async\" width=\"1024\" height=\"1024\" src=\"https:\/\/fizjocare.com.pl\/wp-content\/uploads\/2024\/03\/Projekt-bez-nazwy-8-1024x1024.png\" alt=\"\" class=\"wp-image-211\" style=\"aspect-ratio:4\/3;object-fit:cover\" srcset=\"https:\/\/fizjocare.com.pl\/wp-content\/uploads\/2024\/03\/Projekt-bez-nazwy-8-1024x1024.png 1024w, https:\/\/fizjocare.com.pl\/wp-content\/uploads\/2024\/03\/Projekt-bez-nazwy-8-300x300.png 300w, https:\/\/fizjocare.com.pl\/wp-content\/uploads\/2024\/03\/Projekt-bez-nazwy-8-150x150.png 150w, https:\/\/fizjocare.com.pl\/wp-content\/uploads\/2024\/03\/Projekt-bez-nazwy-8-768x768.png 768w, https:\/\/fizjocare.com.pl\/wp-content\/uploads\/2024\/03\/Projekt-bez-nazwy-8-600x600.png 600w, https:\/\/fizjocare.com.pl\/wp-content\/uploads\/2024\/03\/Projekt-bez-nazwy-8-100x100.png 100w, https:\/\/fizjocare.com.pl\/wp-content\/uploads\/2024\/03\/Projekt-bez-nazwy-8.png 1080w\" sizes=\"auto, (max-width: 1024px) 100vw, 1024px\" \/><\/figure>\n<\/div>\n\n\n\n<div class=\"wp-block-column is-vertically-aligned-center is-layout-flow wp-block-column-is-layout-flow\" style=\"flex-basis:80%\">\n<h3 class=\"wp-block-heading is-style-asterisk\" style=\"font-size:clamp(0.929rem, 0.929rem + ((1vw - 0.2rem) * 0.785), 1.4rem);\">Vouchery i pakiety<\/h3>\n\n\n\n<p class=\"has-heading-font-family has-small-font-size\">Vouchery na prezenty i pakiety 10 wizyt w ni\u017cszej cenie.<\/p>\n<\/div>\n<\/div>\n<\/div>\n<\/div>\n","protected":false},"excerpt":{"rendered":"<p>Oferowane us\u0142ugi Fizjoterapia ortopedyczna Fizjoterapia b\u00f3lu ostrego oraz przewlek\u0142ego: b\u00f3le kr\u0119gos\u0142upa, b\u00f3le stawu ramiennego, kolanowego, \u0142okie\u0107 tenisisty\/ golfisty, ostroga pi\u0119towa, rwa kulszowa, urazy ortopedyczne, rehabilitacja pooperacyjna, napi\u0119cia powi\u0119ziowe Fizjoterapia uroginekologiczna Przygotowanie do ci\u0105\u017cy\/ porodu, trening dna miednicy, terapii: blizny po cesarskim ci\u0119ciu, rozej\u015bcia mi\u0119\u015bnia prostego brzucha, nietrzymania moczu, bolesnego miesi\u0105czkowania, bolesnego wsp\u00f3\u0142\u017cycia, endometriozy, policystycznych jajnik\u00f3w, [&hellip;]<\/p>\n","protected":false},"author":1,"featured_media":0,"parent":0,"menu_order":0,"comment_status":"closed","ping_status":"closed","template":"","meta":{"footnotes":""},"class_list":["post-227","page","type-page","status-publish","hentry"],"jetpack_sharing_enabled":true,"_links":{"self":[{"href":"https:\/\/fizjocare.com.pl\/index.php?rest_route=\/wp\/v2\/pages\/227","targetHints":{"allow":["GET"]}}],"collection":[{"href":"https:\/\/fizjocare.com.pl\/index.php?rest_route=\/wp\/v2\/pages"}],"about":[{"href":"https:\/\/fizjocare.com.pl\/index.php?rest_route=\/wp\/v2\/types\/page"}],"author":[{"embeddable":true,"href":"https:\/\/fizjocare.com.pl\/index.php?rest_route=\/wp\/v2\/users\/1"}],"replies":[{"embeddable":true,"href":"https:\/\/fizjocare.com.pl\/index.php?rest_route=%2Fwp%2Fv2%2Fcomments&post=227"}],"version-history":[{"count":6,"href":"https:\/\/fizjocare.com.pl\/index.php?rest_route=\/wp\/v2\/pages\/227\/revisions"}],"predecessor-version":[{"id":293,"href":"https:\/\/fizjocare.com.pl\/index.php?rest_route=\/wp\/v2\/pages\/227\/revisions\/293"}],"wp:attachment":[{"href":"https:\/\/fizjocare.com.pl\/index.php?rest_route=%2Fwp%2Fv2%2Fmedia&parent=227"}],"curies":[{"name":"wp","href":"https:\/\/api.w.org\/{rel}","templated":true}]}}