{"id":193,"date":"2024-03-14T15:35:08","date_gmt":"2024-03-14T14:35:08","guid":{"rendered":"http:\/\/fizjocare.com.pl\/?page_id=193"},"modified":"2026-04-01T17:00:31","modified_gmt":"2026-04-01T15:00:31","slug":"szkolenia","status":"publish","type":"page","link":"https:\/\/fizjocare.com.pl\/?page_id=193","title":{"rendered":"Kwalifikacje"},"content":{"rendered":"\n<div class=\"wp-block-group alignfull has-global-padding is-layout-constrained wp-container-core-group-is-layout-d89aad35 wp-block-group-is-layout-constrained\" style=\"margin-top:0;margin-bottom:0;padding-top:var(--wp--preset--spacing--50);padding-right:var(--wp--preset--spacing--50);padding-bottom:var(--wp--preset--spacing--50);padding-left:var(--wp--preset--spacing--50)\">\n<div class=\"wp-block-group alignwide has-global-padding is-layout-constrained wp-container-core-group-is-layout-19e250f3 wp-block-group-is-layout-constrained\">\n<div class=\"wp-block-columns alignwide is-layout-flex wp-container-core-columns-is-layout-e37d7211 wp-block-columns-is-layout-flex\">\n<div class=\"wp-block-column is-layout-flow wp-block-column-is-layout-flow\" style=\"flex-basis:50%\">\n<figure class=\"wp-block-image size-large is-style-rounded is-style-rounded--1\"><img loading=\"lazy\" decoding=\"async\" width=\"1024\" height=\"1024\" src=\"https:\/\/fizjocare.com.pl\/wp-content\/uploads\/2024\/07\/2-1-1024x1024.jpg\" alt=\"\" class=\"wp-image-265\" style=\"aspect-ratio:4\/3;object-fit:cover\" srcset=\"https:\/\/fizjocare.com.pl\/wp-content\/uploads\/2024\/07\/2-1-1024x1024.jpg 1024w, https:\/\/fizjocare.com.pl\/wp-content\/uploads\/2024\/07\/2-1-300x300.jpg 300w, https:\/\/fizjocare.com.pl\/wp-content\/uploads\/2024\/07\/2-1-150x150.jpg 150w, https:\/\/fizjocare.com.pl\/wp-content\/uploads\/2024\/07\/2-1-768x768.jpg 768w, https:\/\/fizjocare.com.pl\/wp-content\/uploads\/2024\/07\/2-1-600x600.jpg 600w, https:\/\/fizjocare.com.pl\/wp-content\/uploads\/2024\/07\/2-1-100x100.jpg 100w, https:\/\/fizjocare.com.pl\/wp-content\/uploads\/2024\/07\/2-1.jpg 1080w\" sizes=\"auto, (max-width: 1024px) 100vw, 1024px\" \/><\/figure>\n<\/div>\n\n\n\n<div class=\"wp-block-column is-vertically-aligned-center is-layout-flow wp-block-column-is-layout-flow\" style=\"flex-basis:80%\">\n<h3 class=\"wp-block-heading is-style-asterisk\">Uko\u0144czone szko\u0142y<\/h3>\n\n\n\n<ul style=\"line-height:1.75\" class=\"wp-block-list is-style-checkmark-list\">\n<li class=\"has-heading-font-family has-small-font-size\">Wy\u017csza Szko\u0142a Rehabilitacji w Warszawie &#8211; tytu\u0142 magistra fizjoterapii<\/li>\n\n\n\n<li class=\"has-heading-font-family has-small-font-size\">Akademia Wychowania Fizycznego w Katowicach &#8211; tytu\u0142 licencjata fizjoterapii<\/li>\n\n\n\n<li class=\"has-heading-font-family has-small-font-size\">Policealne Studium Medycyny Sportu w Warszawie &#8211; technik masa\u017cysta<\/li>\n<\/ul>\n<\/div>\n<\/div>\n\n\n\n<div style=\"height:var(--wp--preset--spacing--40)\" aria-hidden=\"true\" class=\"wp-block-spacer\"><\/div>\n\n\n\n<div class=\"wp-block-columns alignwide is-layout-flex wp-container-core-columns-is-layout-e37d7211 wp-block-columns-is-layout-flex\">\n<div class=\"wp-block-column is-layout-flow wp-block-column-is-layout-flow\" style=\"flex-basis:55.56%\">\n<figure class=\"wp-block-image size-large is-style-rounded is-style-rounded--2\"><img loading=\"lazy\" decoding=\"async\" width=\"1024\" height=\"1024\" src=\"https:\/\/fizjocare.com.pl\/wp-content\/uploads\/2024\/07\/1-2-1024x1024.jpg\" alt=\"\" class=\"wp-image-266\" style=\"aspect-ratio:4\/3;object-fit:cover\" srcset=\"https:\/\/fizjocare.com.pl\/wp-content\/uploads\/2024\/07\/1-2-1024x1024.jpg 1024w, https:\/\/fizjocare.com.pl\/wp-content\/uploads\/2024\/07\/1-2-300x300.jpg 300w, https:\/\/fizjocare.com.pl\/wp-content\/uploads\/2024\/07\/1-2-150x150.jpg 150w, https:\/\/fizjocare.com.pl\/wp-content\/uploads\/2024\/07\/1-2-768x768.jpg 768w, https:\/\/fizjocare.com.pl\/wp-content\/uploads\/2024\/07\/1-2-600x600.jpg 600w, https:\/\/fizjocare.com.pl\/wp-content\/uploads\/2024\/07\/1-2-100x100.jpg 100w, https:\/\/fizjocare.com.pl\/wp-content\/uploads\/2024\/07\/1-2.jpg 1080w\" sizes=\"auto, (max-width: 1024px) 100vw, 1024px\" \/><\/figure>\n<\/div>\n\n\n\n<div class=\"wp-block-column is-vertically-aligned-center is-layout-flow wp-block-column-is-layout-flow\" style=\"flex-basis:80%\">\n<h3 class=\"wp-block-heading is-style-asterisk\">Certyfikaty<\/h3>\n\n\n\n<ul style=\"line-height:1.75\" class=\"wp-block-list is-style-checkmark-list\">\n<li class=\"has-heading-font-family has-small-font-size\">Globalna Terapia Stopy- Pediatria (2026)<\/li>\n\n\n\n<li class=\"has-heading-font-family has-small-font-size\">Diagnostyka i terapia dzieci z wadami postawy (2024)<\/li>\n\n\n\n<li class=\"has-heading-font-family has-small-font-size\">Terapia manualna w pediatrii-podej\u015bcie holistyczne u niemowl\u0105t i ma\u0142ych dzieci (2024)<\/li>\n\n\n\n<li class=\"has-heading-font-family has-small-font-size\">Asymetria niemowl\u0119ca w uj\u0119ciu holistycznym (2024)<\/li>\n\n\n\n<li class=\"has-heading-font-family has-small-font-size\">Konferencja &#8222;B\u00f3l w praktyce fizjoterapeuty&#8221; (2023)<\/li>\n\n\n\n<li class=\"has-heading-font-family has-small-font-size\">Dob\u00f3r i monta\u017c wk\u0142adek ortopedycznych ICB Medical (2023)<\/li>\n\n\n\n<li class=\"has-heading-font-family has-small-font-size\">Zawodowy kurs podologiczny (2023)<\/li>\n\n\n\n<li class=\"has-heading-font-family has-small-font-size\">Ca\u0142o\u015bciowe podej\u015bcie do terapii ma\u0142ego dziecka (2023)<\/li>\n\n\n\n<li class=\"has-heading-font-family has-small-font-size\">Bebo Fizjo (2022)<\/li>\n\n\n\n<li class=\"has-heading-font-family has-small-font-size\">Wczesna diagnostyka ma\u0142ego dziecka&#8221; (2021)<\/li>\n\n\n\n<li class=\"has-heading-font-family has-small-font-size\">Neurorozwojowa diagnostyka i rehabilitacja dzieci (2021)<\/li>\n\n\n\n<li class=\"has-heading-font-family has-small-font-size\">Drenowanie zatok z wykorzystaniem technik terapii czaszkowo-krzy\u017cowej&#8221; (2021)<\/li>\n\n\n\n<li class=\"has-heading-font-family has-small-font-size\">Podej\u015bcie osteopatyczne w terapii uroginekologicznej (2020)<\/li>\n\n\n\n<li class=\"has-heading-font-family has-small-font-size\">Globalna terapia stopy (2020)<\/li>\n\n\n\n<li class=\"has-heading-font-family has-small-font-size\">Terapia nerwowo-mi\u0119\u015bniowa (2020)<\/li>\n\n\n\n<li class=\"has-heading-font-family has-small-font-size\">Post\u0119powanie po urazach i wybranych zabiegach chirurgicznych stawu kolanowego w uj\u0119ciu wzorc\u00f3w lokomocyjnych (2020)<\/li>\n\n\n\n<li class=\"has-heading-font-family has-small-font-size\">Biomechaniczne uj\u0119cie kompleksu barkowego w terapii manualnej i treningu medycznym (2020)<\/li>\n\n\n\n<li class=\"has-heading-font-family has-small-font-size\">Dry needling integrated approach (2018)<\/li>\n\n\n\n<li class=\"has-heading-font-family has-small-font-size\">Terapia staw\u00f3w skroniowo-\u017cuchwowych (2018)<\/li>\n\n\n\n<li class=\"has-heading-font-family has-small-font-size\">Rehabilitacja kolana w najcz\u0119\u015bciej spotykanych procedurach operacyjnych (2018)<\/li>\n\n\n\n<li class=\"has-heading-font-family has-small-font-size\">Mobility level 1 (2017)<\/li>\n\n\n\n<li class=\"has-heading-font-family has-small-font-size\">Kurs Bebo-kobieta (2017)<\/li>\n\n\n\n<li class=\"has-heading-font-family has-small-font-size\">Mama w gabinecie (2016)<\/li>\n\n\n\n<li class=\"has-heading-font-family has-small-font-size\">International FDM Congress (2016)<\/li>\n\n\n\n<li class=\"has-heading-font-family has-small-font-size\">Kurs FDM (2016)<\/li>\n\n\n\n<li class=\"has-heading-font-family has-small-font-size\">Facial Movement Taping (2016)<\/li>\n\n\n\n<li class=\"has-heading-font-family has-small-font-size\">Kinezjotaping (2015)<\/li>\n\n\n\n<li class=\"has-heading-font-family has-small-font-size\">Kurs masa\u017cu work-site (2014)<\/li>\n<\/ul>\n<\/div>\n<\/div>\n<\/div>\n<\/div>\n","protected":false},"excerpt":{"rendered":"<p>Uko\u0144czone szko\u0142y Certyfikaty<\/p>\n","protected":false},"author":1,"featured_media":0,"parent":0,"menu_order":0,"comment_status":"closed","ping_status":"closed","template":"","meta":{"footnotes":""},"class_list":["post-193","page","type-page","status-publish","hentry"],"jetpack_sharing_enabled":true,"_links":{"self":[{"href":"https:\/\/fizjocare.com.pl\/index.php?rest_route=\/wp\/v2\/pages\/193","targetHints":{"allow":["GET"]}}],"collection":[{"href":"https:\/\/fizjocare.com.pl\/index.php?rest_route=\/wp\/v2\/pages"}],"about":[{"href":"https:\/\/fizjocare.com.pl\/index.php?rest_route=\/wp\/v2\/types\/page"}],"author":[{"embeddable":true,"href":"https:\/\/fizjocare.com.pl\/index.php?rest_route=\/wp\/v2\/users\/1"}],"replies":[{"embeddable":true,"href":"https:\/\/fizjocare.com.pl\/index.php?rest_route=%2Fwp%2Fv2%2Fcomments&post=193"}],"version-history":[{"count":12,"href":"https:\/\/fizjocare.com.pl\/index.php?rest_route=\/wp\/v2\/pages\/193\/revisions"}],"predecessor-version":[{"id":369,"href":"https:\/\/fizjocare.com.pl\/index.php?rest_route=\/wp\/v2\/pages\/193\/revisions\/369"}],"wp:attachment":[{"href":"https:\/\/fizjocare.com.pl\/index.php?rest_route=%2Fwp%2Fv2%2Fmedia&parent=193"}],"curies":[{"name":"wp","href":"https:\/\/api.w.org\/{rel}","templated":true}]}}