{"id":101,"date":"2024-02-27T23:45:17","date_gmt":"2024-02-27T22:45:17","guid":{"rendered":"http:\/\/fizjocare.com.pl\/?page_id=101"},"modified":"2024-04-22T12:17:56","modified_gmt":"2024-04-22T10:17:56","slug":"kontakt","status":"publish","type":"page","link":"https:\/\/fizjocare.com.pl\/?page_id=101","title":{"rendered":"Kontakt"},"content":{"rendered":"\n<div class=\"wp-block-group alignfull has-global-padding is-layout-constrained wp-container-core-group-is-layout-d89aad35 wp-block-group-is-layout-constrained\" style=\"margin-top:0;margin-bottom:0;padding-top:var(--wp--preset--spacing--50);padding-right:var(--wp--preset--spacing--50);padding-bottom:var(--wp--preset--spacing--50);padding-left:var(--wp--preset--spacing--50)\">\n<div class=\"wp-block-group alignwide has-base-2-background-color has-background is-layout-flow wp-block-group-is-layout-flow\" style=\"border-radius:16px;padding-top:var(--wp--preset--spacing--50);padding-right:var(--wp--preset--spacing--50);padding-bottom:var(--wp--preset--spacing--50);padding-left:var(--wp--preset--spacing--50)\">\n<p class=\"has-text-align-center has-contrast-color has-text-color has-link-color has-heading-font-family wp-elements-7e9d79b4cc54e859dc98b3c51acb759f\" style=\"font-size:clamp(1.146rem, 1.146rem + ((1vw - 0.2rem) * 1.09), 1.8rem);\">Masz pytania? <br>Skontaktuj si\u0119 ze mn\u0105, ch\u0119tnie na nie odpowiem!<\/p>\n\n\n\n<p class=\"has-text-align-center has-contrast-color has-text-color has-link-color has-heading-font-family has-medium-font-size wp-elements-275db71f535c94fc1a289ccb66384509\">Tel: 535 777 510<\/p>\n\n\n\n<p class=\"has-text-align-center has-contrast-color has-text-color has-link-color has-heading-font-family wp-elements-fdb9cfd04b03c0bf637c7c0cac1f1084\">Mail: recepcja@fizjocare.com.pl<\/p>\n<\/div>\n<\/div>\n\n\n\n<p class=\"has-text-align-center has-heading-font-family has-large-font-size\">Zapisy na wizyt\u0119<\/p>\n\n\n\n<p class=\"has-text-align-center has-heading-font-family has-medium-font-size\">Kalendarz online dost\u0119pny na stronie Booksy<\/p>\n\n\n\n<div class=\"wp-block-group is-content-justification-center is-nowrap is-layout-flex wp-container-core-group-is-layout-23441af8 wp-block-group-is-layout-flex\">\n<div class=\"wp-block-group has-global-padding is-layout-constrained wp-block-group-is-layout-constrained\"><\/div>\n\n\n\n<script type=\"text\/javascript\" src=\"https:\/\/booksy.com\/widget\/code.js?id=97991&#038;country=pl&#038;lang=pl\"><\/script>\n\n\n\n<div class=\"wp-block-group is-vertical is-layout-flex wp-container-core-group-is-layout-fe9cc265 wp-block-group-is-layout-flex\">\n<div class=\"wp-block-group has-global-padding is-layout-constrained wp-block-group-is-layout-constrained\"><\/div>\n<\/div>\n<\/div>\n\n\n\n<div style=\"height:120px\" aria-hidden=\"true\" class=\"wp-block-spacer\"><\/div>\n\n\n\n<p class=\"has-text-align-center has-heading-font-family has-large-font-size\">Lokalizacja gabinetu<\/p>\n\n\n\n<p class=\"has-text-align-center has-heading-font-family has-medium-font-size\">ul.Parkowa 1a, 05-816 Micha\u0142owice<br>(wej\u015bcie naprzeciwko apteki)<br><\/p>\n\n\n\n<div class=\"wp-block-group is-content-justification-center is-nowrap is-layout-flex wp-container-core-group-is-layout-23441af8 wp-block-group-is-layout-flex\">\n<div class=\"wp-block-group has-global-padding is-layout-constrained wp-block-group-is-layout-constrained\"><\/div>\n\n\n\n<iframe src=\"https:\/\/www.google.com\/maps\/embed?pb=!1m18!1m12!1m3!1d2447.0926675167652!2d20.859223099999998!3d52.1690086!2m3!1f0!2f0!3f0!3m2!1i1024!2i768!4f13.1!3m3!1m2!1s0x471935992417aa35%3A0xd8a37b4d863c9a2b!2sFizjoCare!5e0!3m2!1spl!2spl!4v1710188354824!5m2!1spl!2spl\" width=\"600\" height=\"450\" style=\"border:0;\" allowfullscreen=\"\" loading=\"lazy\" referrerpolicy=\"no-referrer-when-downgrade\"><\/iframe>\n\n\n\n<div class=\"wp-block-group is-vertical is-layout-flex wp-container-core-group-is-layout-fe9cc265 wp-block-group-is-layout-flex\">\n<div class=\"wp-block-group has-global-padding is-layout-constrained wp-block-group-is-layout-constrained\"><\/div>\n<\/div>\n<\/div>\n","protected":false},"excerpt":{"rendered":"<p>Masz pytania? Skontaktuj si\u0119 ze mn\u0105, ch\u0119tnie na nie odpowiem! Tel: 535 777 510 Mail: recepcja@fizjocare.com.pl Zapisy na wizyt\u0119 Kalendarz online dost\u0119pny na stronie Booksy Lokalizacja gabinetu ul.Parkowa 1a, 05-816 Micha\u0142owice(wej\u015bcie naprzeciwko apteki)<\/p>\n","protected":false},"author":1,"featured_media":0,"parent":0,"menu_order":0,"comment_status":"closed","ping_status":"closed","template":"","meta":{"footnotes":""},"class_list":["post-101","page","type-page","status-publish","hentry"],"jetpack_sharing_enabled":true,"_links":{"self":[{"href":"https:\/\/fizjocare.com.pl\/index.php?rest_route=\/wp\/v2\/pages\/101","targetHints":{"allow":["GET"]}}],"collection":[{"href":"https:\/\/fizjocare.com.pl\/index.php?rest_route=\/wp\/v2\/pages"}],"about":[{"href":"https:\/\/fizjocare.com.pl\/index.php?rest_route=\/wp\/v2\/types\/page"}],"author":[{"embeddable":true,"href":"https:\/\/fizjocare.com.pl\/index.php?rest_route=\/wp\/v2\/users\/1"}],"replies":[{"embeddable":true,"href":"https:\/\/fizjocare.com.pl\/index.php?rest_route=%2Fwp%2Fv2%2Fcomments&post=101"}],"version-history":[{"count":15,"href":"https:\/\/fizjocare.com.pl\/index.php?rest_route=\/wp\/v2\/pages\/101\/revisions"}],"predecessor-version":[{"id":222,"href":"https:\/\/fizjocare.com.pl\/index.php?rest_route=\/wp\/v2\/pages\/101\/revisions\/222"}],"wp:attachment":[{"href":"https:\/\/fizjocare.com.pl\/index.php?rest_route=%2Fwp%2Fv2%2Fmedia&parent=101"}],"curies":[{"name":"wp","href":"https:\/\/api.w.org\/{rel}","templated":true}]}}